{"id":2,"date":"2014-03-07T11:53:31","date_gmt":"2014-03-07T11:53:31","guid":{"rendered":"http:\/\/jonmalax.com\/?page_id=2"},"modified":"2025-10-05T19:23:52","modified_gmt":"2025-10-05T19:23:52","slug":"biography","status":"publish","type":"page","link":"http:\/\/jonmalax.com\/en\/biography\/","title":{"rendered":"Biography"},"content":{"rendered":"<p><\/p>\n<div>\n<p style=\"text-align: justify;\">Born in Gernika in the Basque Country (Spain), Jon has conducted numerous ensembles, demonstrating his versatility in symphonic and operatic repertoires that range from baroque to contemporary music. He has worked with orchestras such as the Orquesta Radio Televisi\u00f3n Espa\u00f1ola, Basque Country Symphony Orchestra, Bilbao Symphony Orchestra, Navarra Symphony Orchestra, Oviedo Filarmon\u00eda, Orquesta Sinf\u00f3nica de Extremadura, Manchester Camerata, Liverpool Mozart Orchestra, Crosby Symphony Orchestra, Sheffield Philharmonic Orchestra, and the Malaga Philharmonic, among others. <\/p>\n<\/div>\n<p style=\"text-align: justify;\">Jon is currently the Musical Director of the Hallam Sinfonia in Sheffield and has previously held this position with the Basque Student Orchestra (EIO) and the Solihull Symphony Orchestra. <\/p>\n<p style=\"text-align: justify;\">A committed advocate for contemporary music, Jon has premiered numerous works, including Simon Dobson\u2019s Trombone Concerto with Peter Moore and the RNCM Brass Band, broadcast on BBC Radio 2. He conducted the world premiere of the Basque opera Saturraran in collaboration with the Arriaga Theatre in Bilbao and has led the Bilbao Symphony Orchestra at the Musikaste Contemporary Music Festival.<\/p>\n<p style=\"text-align: justify;\">In the realm of opera, Jon has conducted productions of J.C. Arriaga\u2019s works at the Arriaga Theatre and served as Assistant Conductor at the Liceu (Barcelona) and Teatro Real (Madrid) in productions including Bellini\u2019s Il Pirata and La Sonnambula, Verdi\u2019s Luisa Miller, Honegger\u2019s Jeanne d&#8217;Arc au b\u00fbcher, and Donizetti\u2019s Maria Stuarda, alongside maestros such as Maurizio Benini and Juanjo Mena.<\/p>\n<p style=\"text-align: justify;\">Jon is professor of Conducting Studies at Musikene in San Sebasti\u00e1n and has taught conducting at Junior RNCM and Leeds Conservatoire.<\/p>\n<p style=\"text-align: justify;\">Following his studies in French horn at Roosevelt University in Chicago with Dale Clevenger, Jon moved to Manchester in 2010 to study orchestral conducting at the Royal Northern College of Music. Upon graduation, he received the Mortimer-Furber Prize in Conducting.<\/p>\n<p id=\"goto-schedule-button\" style=\"text-align: justify;\"><a class=\"button\" href=\"http:\/\/jonmalax.com\/wp-content\/uploads\/2025\/10\/JMalax-biography-EN-2025-LImpresa.pdf\">download Jon&#8217;s biography<\/a><\/p>\n<p><\/p>","protected":false},"excerpt":{"rendered":"<p>Born in Gernika in the Basque Country (Spain), Jon has conducted numerous ensembles, demonstrating his versatility in symphonic and operatic repertoires that range from baroque to contemporary music. He has worked with orchestras such as the Orquesta Radio Televisi\u00f3n Espa\u00f1ola, Basque Country Symphony Orchestra, Bilbao Symphony Orchestra, Navarra Symphony Orchestra, Oviedo Filarmon\u00eda, Orquesta Sinf\u00f3nica de&#8230;  <a class=\"excerpt-read-more\" href=\"http:\/\/jonmalax.com\/en\/biography\/\" title=\"ReadBiography\">Read more &raquo;<\/a><\/p>\n","protected":false},"author":1,"featured_media":34,"parent":0,"menu_order":0,"comment_status":"open","ping_status":"open","template":"","meta":{"footnotes":""},"class_list":["post-2","page","type-page","status-publish","has-post-thumbnail","hentry"],"yoast_head":"<!-- This site is optimized with the Yoast SEO plugin v27.3 - https:\/\/yoast.com\/product\/yoast-seo-wordpress\/ -->\n<title>Biography - Jon Malaxetxebarria<\/title>\n<meta name=\"robots\" content=\"index, follow, max-snippet:-1, max-image-preview:large, max-video-preview:-1\" \/>\n<link rel=\"canonical\" href=\"http:\/\/jonmalax.com\/en\/biography\/\" \/>\n<meta property=\"og:locale\" content=\"en_US\" \/>\n<meta property=\"og:type\" content=\"article\" \/>\n<meta property=\"og:title\" content=\"Biography - Jon Malaxetxebarria\" \/>\n<meta property=\"og:description\" content=\"Born in Gernika in the Basque Country (Spain), Jon has conducted numerous ensembles, demonstrating his versatility in symphonic and operatic repertoires that range from baroque to contemporary music. He has worked with orchestras such as the Orquesta Radio Televisi\u00f3n Espa\u00f1ola, Basque Country Symphony Orchestra, Bilbao Symphony Orchestra, Navarra Symphony Orchestra, Oviedo Filarmon\u00eda, Orquesta Sinf\u00f3nica de... Read more &raquo;\" \/>\n<meta property=\"og:url\" content=\"http:\/\/jonmalax.com\/en\/biography\/\" \/>\n<meta property=\"og:site_name\" content=\"Jon Malaxetxebarria\" \/>\n<meta property=\"article:modified_time\" content=\"2025-10-05T19:23:52+00:00\" \/>\n<meta property=\"og:image\" content=\"http:\/\/jonmalax.com\/wp-content\/uploads\/2014\/03\/jonmalax-bio.jpg\" \/>\n\t<meta property=\"og:image:width\" content=\"1200\" \/>\n\t<meta property=\"og:image:height\" content=\"2037\" \/>\n\t<meta property=\"og:image:type\" content=\"image\/jpeg\" \/>\n<meta name=\"twitter:label1\" content=\"Est. reading time\" \/>\n\t<meta name=\"twitter:data1\" content=\"2 minutes\" \/>\n<script type=\"application\/ld+json\" class=\"yoast-schema-graph\">{\"@context\":\"https:\\\/\\\/schema.org\",\"@graph\":[{\"@type\":\"WebPage\",\"@id\":\"http:\\\/\\\/jonmalax.com\\\/en\\\/biography\\\/\",\"url\":\"http:\\\/\\\/jonmalax.com\\\/en\\\/biography\\\/\",\"name\":\"Biography - Jon Malaxetxebarria\",\"isPartOf\":{\"@id\":\"http:\\\/\\\/jonmalax.com\\\/en\\\/#website\"},\"primaryImageOfPage\":{\"@id\":\"http:\\\/\\\/jonmalax.com\\\/en\\\/biography\\\/#primaryimage\"},\"image\":{\"@id\":\"http:\\\/\\\/jonmalax.com\\\/en\\\/biography\\\/#primaryimage\"},\"thumbnailUrl\":\"http:\\\/\\\/jonmalax.com\\\/wp-content\\\/uploads\\\/2014\\\/03\\\/jonmalax-bio.jpg\",\"datePublished\":\"2014-03-07T11:53:31+00:00\",\"dateModified\":\"2025-10-05T19:23:52+00:00\",\"breadcrumb\":{\"@id\":\"http:\\\/\\\/jonmalax.com\\\/en\\\/biography\\\/#breadcrumb\"},\"inLanguage\":\"en-US\",\"potentialAction\":[{\"@type\":\"ReadAction\",\"target\":[[\"http:\\\/\\\/jonmalax.com\\\/en\\\/biography\\\/\"]]}]},{\"@type\":\"ImageObject\",\"inLanguage\":\"en-US\",\"@id\":\"http:\\\/\\\/jonmalax.com\\\/en\\\/biography\\\/#primaryimage\",\"url\":\"http:\\\/\\\/jonmalax.com\\\/wp-content\\\/uploads\\\/2014\\\/03\\\/jonmalax-bio.jpg\",\"contentUrl\":\"http:\\\/\\\/jonmalax.com\\\/wp-content\\\/uploads\\\/2014\\\/03\\\/jonmalax-bio.jpg\",\"width\":1200,\"height\":2037},{\"@type\":\"BreadcrumbList\",\"@id\":\"http:\\\/\\\/jonmalax.com\\\/en\\\/biography\\\/#breadcrumb\",\"itemListElement\":[{\"@type\":\"ListItem\",\"position\":1,\"name\":\"Home\",\"item\":\"http:\\\/\\\/jonmalax.com\\\/en\\\/\"},{\"@type\":\"ListItem\",\"position\":2,\"name\":\"Biography\"}]},{\"@type\":\"WebSite\",\"@id\":\"http:\\\/\\\/jonmalax.com\\\/en\\\/#website\",\"url\":\"http:\\\/\\\/jonmalax.com\\\/en\\\/\",\"name\":\"Jon Malaxetxebarria\",\"description\":\"conductor\",\"potentialAction\":[{\"@type\":\"SearchAction\",\"target\":{\"@type\":\"EntryPoint\",\"urlTemplate\":\"http:\\\/\\\/jonmalax.com\\\/en\\\/?s={search_term_string}\"},\"query-input\":{\"@type\":\"PropertyValueSpecification\",\"valueRequired\":true,\"valueName\":\"search_term_string\"}}],\"inLanguage\":\"en-US\"}]}<\/script>\n<!-- \/ Yoast SEO plugin. -->","yoast_head_json":{"title":"Biography - Jon Malaxetxebarria","robots":{"index":"index","follow":"follow","max-snippet":"max-snippet:-1","max-image-preview":"max-image-preview:large","max-video-preview":"max-video-preview:-1"},"canonical":"http:\/\/jonmalax.com\/en\/biography\/","og_locale":"en_US","og_type":"article","og_title":"Biography - Jon Malaxetxebarria","og_description":"Born in Gernika in the Basque Country (Spain), Jon has conducted numerous ensembles, demonstrating his versatility in symphonic and operatic repertoires that range from baroque to contemporary music. He has worked with orchestras such as the Orquesta Radio Televisi\u00f3n Espa\u00f1ola, Basque Country Symphony Orchestra, Bilbao Symphony Orchestra, Navarra Symphony Orchestra, Oviedo Filarmon\u00eda, Orquesta Sinf\u00f3nica de... Read more &raquo;","og_url":"http:\/\/jonmalax.com\/en\/biography\/","og_site_name":"Jon Malaxetxebarria","article_modified_time":"2025-10-05T19:23:52+00:00","og_image":[{"width":1200,"height":2037,"url":"http:\/\/jonmalax.com\/wp-content\/uploads\/2014\/03\/jonmalax-bio.jpg","type":"image\/jpeg"}],"twitter_misc":{"Est. reading time":"2 minutes"},"schema":{"@context":"https:\/\/schema.org","@graph":[{"@type":"WebPage","@id":"http:\/\/jonmalax.com\/en\/biography\/","url":"http:\/\/jonmalax.com\/en\/biography\/","name":"Biography - Jon Malaxetxebarria","isPartOf":{"@id":"http:\/\/jonmalax.com\/en\/#website"},"primaryImageOfPage":{"@id":"http:\/\/jonmalax.com\/en\/biography\/#primaryimage"},"image":{"@id":"http:\/\/jonmalax.com\/en\/biography\/#primaryimage"},"thumbnailUrl":"http:\/\/jonmalax.com\/wp-content\/uploads\/2014\/03\/jonmalax-bio.jpg","datePublished":"2014-03-07T11:53:31+00:00","dateModified":"2025-10-05T19:23:52+00:00","breadcrumb":{"@id":"http:\/\/jonmalax.com\/en\/biography\/#breadcrumb"},"inLanguage":"en-US","potentialAction":[{"@type":"ReadAction","target":[["http:\/\/jonmalax.com\/en\/biography\/"]]}]},{"@type":"ImageObject","inLanguage":"en-US","@id":"http:\/\/jonmalax.com\/en\/biography\/#primaryimage","url":"http:\/\/jonmalax.com\/wp-content\/uploads\/2014\/03\/jonmalax-bio.jpg","contentUrl":"http:\/\/jonmalax.com\/wp-content\/uploads\/2014\/03\/jonmalax-bio.jpg","width":1200,"height":2037},{"@type":"BreadcrumbList","@id":"http:\/\/jonmalax.com\/en\/biography\/#breadcrumb","itemListElement":[{"@type":"ListItem","position":1,"name":"Home","item":"http:\/\/jonmalax.com\/en\/"},{"@type":"ListItem","position":2,"name":"Biography"}]},{"@type":"WebSite","@id":"http:\/\/jonmalax.com\/en\/#website","url":"http:\/\/jonmalax.com\/en\/","name":"Jon Malaxetxebarria","description":"conductor","potentialAction":[{"@type":"SearchAction","target":{"@type":"EntryPoint","urlTemplate":"http:\/\/jonmalax.com\/en\/?s={search_term_string}"},"query-input":{"@type":"PropertyValueSpecification","valueRequired":true,"valueName":"search_term_string"}}],"inLanguage":"en-US"}]}},"_links":{"self":[{"href":"http:\/\/jonmalax.com\/en\/wp-json\/wp\/v2\/pages\/2","targetHints":{"allow":["GET"]}}],"collection":[{"href":"http:\/\/jonmalax.com\/en\/wp-json\/wp\/v2\/pages"}],"about":[{"href":"http:\/\/jonmalax.com\/en\/wp-json\/wp\/v2\/types\/page"}],"author":[{"embeddable":true,"href":"http:\/\/jonmalax.com\/en\/wp-json\/wp\/v2\/users\/1"}],"replies":[{"embeddable":true,"href":"http:\/\/jonmalax.com\/en\/wp-json\/wp\/v2\/comments?post=2"}],"version-history":[{"count":64,"href":"http:\/\/jonmalax.com\/en\/wp-json\/wp\/v2\/pages\/2\/revisions"}],"predecessor-version":[{"id":994,"href":"http:\/\/jonmalax.com\/en\/wp-json\/wp\/v2\/pages\/2\/revisions\/994"}],"wp:featuredmedia":[{"embeddable":true,"href":"http:\/\/jonmalax.com\/en\/wp-json\/wp\/v2\/media\/34"}],"wp:attachment":[{"href":"http:\/\/jonmalax.com\/en\/wp-json\/wp\/v2\/media?parent=2"}],"curies":[{"name":"wp","href":"https:\/\/api.w.org\/{rel}","templated":true}]}}